{"id":40,"date":"2025-01-30T09:24:23","date_gmt":"2025-01-30T09:24:23","guid":{"rendered":"https:\/\/baltnavyleaguecarlmlevin.org\/contacts\/"},"modified":"2025-01-30T09:24:23","modified_gmt":"2025-01-30T09:24:23","slug":"contacts","status":"publish","type":"page","link":"https:\/\/baltnavyleaguecarlmlevin.org\/ro\/contacts\/","title":{"rendered":"Contacte"},"content":{"rendered":"<p>\n            Suntem disponibili s\u0103 v\u0103 r\u0103spundem la \u00eentreb\u0103ri, s\u0103 primim sugestii sau s\u0103 discut\u0103m despre nevoile dumneavoastr\u0103.<br \/>\n            V\u0103 rug\u0103m s\u0103 ne contacta\u021bi prin intermediul formularului nostru sau prin e-mail. Vom fi bucuro\u0219i s\u0103 v\u0103 r\u0103spundem c\u00e2t mai cur\u00e2nd posibil.\n        <\/p>\n<h2>Date de contact<\/h2>\n<address>\n            Liga Marinei Baltice<br \/>\n            Strada Amiralului Courbet nr. 45<br \/>\n            29200 Brest, Fran\u021ba<br \/>\n            Telefon: +33 2 98 01 23 45<br \/>\n            E-mail: <a href=\"mailto:contact@baltnavyleaguecarlmlevin.org\">contact@baltnavyleaguecarlmlevin.org<\/a><br \/>\n        <\/address>\n<h2>Formular de contact<\/h2>\n<form action=\"\/ro\/submit-form\/\" method=\"post\" data-trp-original-action=\"\/submit-form\">\n            <label for=\"name\">Nume:<\/label><br \/>\n            <input type=\"text\" id=\"name\" name=\"name\" required><\/p>\n<p>            <label for=\"email\">E-mail:<\/label><br \/>\n            <input type=\"email\" id=\"email\" name=\"email\" required><\/p>\n<p>            <label for=\"message\">Mesaj:<\/label><br \/>\n            <textarea id=\"message\" name=\"message\" rows=\"6\" required><\/textarea><\/p>\n<p>            <button type=\"submit\">Trimite<\/button><br \/>\n        <input type=\"hidden\" name=\"trp-form-language\" value=\"ro\"\/><\/form>","protected":false},"excerpt":{"rendered":"<p>Suntem disponibili s\u0103 v\u0103 r\u0103spundem la \u00eentreb\u0103ri, s\u0103 primim sugestii sau s\u0103 discut\u0103m despre nevoile dumneavoastr\u0103. V\u0103 rug\u0103m s\u0103 ne contacta\u021bi prin intermediul formularului nostru sau prin e-mail. Vom fi bucuro\u0219i s\u0103 v\u0103 r\u0103spundem c\u00e2t mai cur\u00e2nd posibil. Date de contact Ligue de la Marine Baltique 45 Rue de l&#039;Amiral Courbet 29200 Brest, [\u2026]<\/p>","protected":false},"author":1,"featured_media":0,"parent":0,"menu_order":0,"comment_status":"closed","ping_status":"closed","template":"","meta":{"_acf_changed":false,"footnotes":""},"class_list":["post-40","page","type-page","status-publish","hentry"],"acf":[],"yoast_head":"<!-- This site is optimized with the Yoast SEO plugin v23.2 - https:\/\/yoast.com\/wordpress\/plugins\/seo\/ -->\n<title>Contactez-nous | baltnavyleaguecarlmlevin.org<\/title>\n<meta name=\"description\" content=\"Contactez la Ligue de la Marine Baltique pour toutes questions ou suggestions. Remplissez notre formulaire ou envoyez-nous un e-mail\" \/>\n<meta name=\"robots\" content=\"index, follow, max-snippet:-1, max-image-preview:large, max-video-preview:-1\" \/>\n<link rel=\"canonical\" href=\"https:\/\/baltnavyleaguecarlmlevin.org\/ro\/contacts\/\" \/>\n<meta property=\"og:locale\" content=\"ro_RO\" \/>\n<meta property=\"og:type\" content=\"article\" \/>\n<meta property=\"og:title\" content=\"Contactez-nous | baltnavyleaguecarlmlevin.org\" \/>\n<meta property=\"og:description\" content=\"Contactez la Ligue de la Marine Baltique pour toutes questions ou suggestions. Remplissez notre formulaire ou envoyez-nous un e-mail\" \/>\n<meta property=\"og:url\" content=\"https:\/\/baltnavyleaguecarlmlevin.org\/ro\/contacts\/\" \/>\n<meta property=\"og:site_name\" content=\"baltnavyleaguecarlmlevin.org\" \/>\n<meta name=\"twitter:card\" content=\"summary_large_image\" \/>\n<script type=\"application\/ld+json\" class=\"yoast-schema-graph\">{\"@context\":\"https:\/\/schema.org\",\"@graph\":[{\"@type\":\"WebPage\",\"@id\":\"https:\/\/baltnavyleaguecarlmlevin.org\/contacts\/\",\"url\":\"https:\/\/baltnavyleaguecarlmlevin.org\/contacts\/\",\"name\":\"Contactez-nous | baltnavyleaguecarlmlevin.org\",\"isPartOf\":{\"@id\":\"https:\/\/baltnavyleaguecarlmlevin.org\/#website\"},\"datePublished\":\"2025-01-30T09:24:23+00:00\",\"dateModified\":\"2025-01-30T09:24:23+00:00\",\"description\":\"Contactez la Ligue de la Marine Baltique pour toutes questions ou suggestions. Remplissez notre formulaire ou envoyez-nous un e-mail\",\"breadcrumb\":{\"@id\":\"https:\/\/baltnavyleaguecarlmlevin.org\/contacts\/#breadcrumb\"},\"inLanguage\":\"ro-RO\",\"potentialAction\":[{\"@type\":\"ReadAction\",\"target\":[\"https:\/\/baltnavyleaguecarlmlevin.org\/contacts\/\"]}]},{\"@type\":\"BreadcrumbList\",\"@id\":\"https:\/\/baltnavyleaguecarlmlevin.org\/contacts\/#breadcrumb\",\"itemListElement\":[{\"@type\":\"ListItem\",\"position\":1,\"name\":\"Home\",\"item\":\"https:\/\/baltnavyleaguecarlmlevin.org\/\"},{\"@type\":\"ListItem\",\"position\":2,\"name\":\"Contacts\"}]},{\"@type\":\"WebSite\",\"@id\":\"https:\/\/baltnavyleaguecarlmlevin.org\/#website\",\"url\":\"https:\/\/baltnavyleaguecarlmlevin.org\/\",\"name\":\"baltnavyleaguecarlmlevin.org\",\"description\":\"\u00c9l\u00e9gance et Mode: D\u00e9couvrez des looks modernes et conseils pour s\u2019habiller avec style\",\"potentialAction\":[{\"@type\":\"SearchAction\",\"target\":{\"@type\":\"EntryPoint\",\"urlTemplate\":\"https:\/\/baltnavyleaguecarlmlevin.org\/?s={search_term_string}\"},\"query-input\":\"required name=search_term_string\"}],\"inLanguage\":\"ro-RO\"}]}<\/script>\n<!-- \/ Yoast SEO plugin. -->","yoast_head_json":{"title":"Contactez-nous | baltnavyleaguecarlmlevin.org","description":"Contactez la Ligue de la Marine Baltique pour toutes questions ou suggestions. Remplissez notre formulaire ou envoyez-nous un e-mail","robots":{"index":"index","follow":"follow","max-snippet":"max-snippet:-1","max-image-preview":"max-image-preview:large","max-video-preview":"max-video-preview:-1"},"canonical":"https:\/\/baltnavyleaguecarlmlevin.org\/ro\/contacts\/","og_locale":"ro_RO","og_type":"article","og_title":"Contactez-nous | baltnavyleaguecarlmlevin.org","og_description":"Contactez la Ligue de la Marine Baltique pour toutes questions ou suggestions. Remplissez notre formulaire ou envoyez-nous un e-mail","og_url":"https:\/\/baltnavyleaguecarlmlevin.org\/ro\/contacts\/","og_site_name":"baltnavyleaguecarlmlevin.org","twitter_card":"summary_large_image","schema":{"@context":"https:\/\/schema.org","@graph":[{"@type":"WebPage","@id":"https:\/\/baltnavyleaguecarlmlevin.org\/contacts\/","url":"https:\/\/baltnavyleaguecarlmlevin.org\/contacts\/","name":"Contactez-nous | baltnavyleaguecarlmlevin.org","isPartOf":{"@id":"https:\/\/baltnavyleaguecarlmlevin.org\/#website"},"datePublished":"2025-01-30T09:24:23+00:00","dateModified":"2025-01-30T09:24:23+00:00","description":"Contactez la Ligue de la Marine Baltique pour toutes questions ou suggestions. Remplissez notre formulaire ou envoyez-nous un e-mail","breadcrumb":{"@id":"https:\/\/baltnavyleaguecarlmlevin.org\/contacts\/#breadcrumb"},"inLanguage":"ro-RO","potentialAction":[{"@type":"ReadAction","target":["https:\/\/baltnavyleaguecarlmlevin.org\/contacts\/"]}]},{"@type":"BreadcrumbList","@id":"https:\/\/baltnavyleaguecarlmlevin.org\/contacts\/#breadcrumb","itemListElement":[{"@type":"ListItem","position":1,"name":"Home","item":"https:\/\/baltnavyleaguecarlmlevin.org\/"},{"@type":"ListItem","position":2,"name":"Contacts"}]},{"@type":"WebSite","@id":"https:\/\/baltnavyleaguecarlmlevin.org\/#website","url":"https:\/\/baltnavyleaguecarlmlevin.org\/","name":"baltnavyleaguecarlmlevin.org","description":"\u00c9l\u00e9gance et Mode: D\u00e9couvrez des looks modernes et conseils pour s\u2019habiller avec style","potentialAction":[{"@type":"SearchAction","target":{"@type":"EntryPoint","urlTemplate":"https:\/\/baltnavyleaguecarlmlevin.org\/?s={search_term_string}"},"query-input":"required name=search_term_string"}],"inLanguage":"ro-RO"}]}},"yoast_meta":{"yoast_wpseo_title":"","yoast_wpseo_metadesc":"","yoast_wpseo_canonical":"https:\/\/baltnavyleaguecarlmlevin.org\/ro\/wp-json\/wp\/v2\/pages\/40"},"_links":{"self":[{"href":"https:\/\/baltnavyleaguecarlmlevin.org\/ro\/wp-json\/wp\/v2\/pages\/40","targetHints":{"allow":["GET"]}}],"collection":[{"href":"https:\/\/baltnavyleaguecarlmlevin.org\/ro\/wp-json\/wp\/v2\/pages"}],"about":[{"href":"https:\/\/baltnavyleaguecarlmlevin.org\/ro\/wp-json\/wp\/v2\/types\/page"}],"author":[{"embeddable":true,"href":"https:\/\/baltnavyleaguecarlmlevin.org\/ro\/wp-json\/wp\/v2\/users\/1"}],"replies":[{"embeddable":true,"href":"https:\/\/baltnavyleaguecarlmlevin.org\/ro\/wp-json\/wp\/v2\/comments?post=40"}],"version-history":[{"count":0,"href":"https:\/\/baltnavyleaguecarlmlevin.org\/ro\/wp-json\/wp\/v2\/pages\/40\/revisions"}],"wp:attachment":[{"href":"https:\/\/baltnavyleaguecarlmlevin.org\/ro\/wp-json\/wp\/v2\/media?parent=40"}],"curies":[{"name":"wp","href":"https:\/\/api.w.org\/{rel}","templated":true}]}}