{"id":39,"date":"2025-01-30T09:24:22","date_gmt":"2025-01-30T09:24:22","guid":{"rendered":"https:\/\/baltnavyleaguecarlmlevin.org\/a-propos-de-nous\/"},"modified":"2025-01-30T13:32:59","modified_gmt":"2025-01-30T13:32:59","slug":"a-propos-de-nous","status":"publish","type":"page","link":"https:\/\/baltnavyleaguecarlmlevin.org\/ro\/a-propos-de-nous\/","title":{"rendered":"Despre noi"},"content":{"rendered":"<p>Intr\u0103 \u00een lumea fermec\u0103toare a atelierului nostru virtual de mod\u0103, unde fiecare articol vestimentar este o celebrare a elegan\u021bei \u0219i a inova\u021biei vestimentare. Blogul nostru este un mozaic viu de inspira\u021bie, n\u0103scut dintr-o pasiune arz\u0103toare pentru arta vestimentar\u0103.<\/p>\n<p>Asemenea unui caiet de schi\u021be digital, schi\u021b\u0103m zilnic contururile unui stil de via\u021b\u0103 \u00een care moda transcende simplul act de a te \u00eembr\u0103ca. Articolele noastre sunt ferestre c\u0103tre o lume \u00een care fiecare pies\u0103 spune o poveste, \u00een care fiecare accesoriu devine o semn\u0103tur\u0103.<\/p>\n<p><img loading=\"lazy\" decoding=\"async\" class=\"aligncenter wp-image-41 size-full\" src=\"https:\/\/baltnavyleaguecarlmlevin.org\/wp-content\/uploads\/2025\/01\/photo-new.jpg\" alt=\"\" width=\"612\" height=\"408\" srcset=\"https:\/\/baltnavyleaguecarlmlevin.org\/wp-content\/uploads\/2025\/01\/photo-new.jpg 612w, https:\/\/baltnavyleaguecarlmlevin.org\/wp-content\/uploads\/2025\/01\/photo-new-300x200.jpg 300w\" sizes=\"auto, (max-width: 612px) 100vw, 612px\" \/><\/p>\n<h2>Viziunea noastr\u0103 creativ\u0103<\/h2>\n<p>Blogul nostru se bazeaz\u0103 pe o filozofie unic\u0103, oferind cititorilor no\u0219tri:<\/p>\n<ul class=\"vision-list\">\n<li>Cronici poetice ale micro-tendin\u021belor emergente, surprinz\u00e2nd \u00eens\u0103\u0219i esen\u021ba mi\u0219c\u0103rilor modei \u00eenainte ca acestea s\u0103 devin\u0103 mainstream.<\/li>\n<li>Explor\u0103ri senzoriale ale texturilor \u0219i materialelor inovatoare care redefinesc codurile stilului contemporan<\/li>\n<li>Portrete intime ale unor designeri vizionari care \u00eendr\u0103znesc s\u0103 dep\u0103\u0219easc\u0103 limitele modei tradi\u021bionale<\/li>\n<li>Medita\u021bii inspiratoare despre arta de a crea un stil personal care se \u00eentinde peste anotimpuri \u0219i transcende modele<\/li>\n<\/ul>\n<p>\u00cen fiecare s\u0103pt\u0103m\u00e2n\u0103, \u021besem o nou\u0103 pagin\u0103 a acestei aventuri stilistice al\u0103turi de tine, transform\u00e2nd obi\u0219nuitul \u00een extraordinar prin prisma modei.<\/p>","protected":false},"excerpt":{"rendered":"<p>Intra\u021bi \u00een lumea fermec\u0103toare a atelierului nostru virtual de mod\u0103, unde fiecare articol este o celebrare a elegan\u021bei \u0219i a inova\u021biei vestimentare. Blogul nostru este un mozaic viu de inspira\u021bie, n\u0103scut dintr-o pasiune arz\u0103toare pentru arta vestimentar\u0103. Asemenea unui caiet de schi\u021be digital, schi\u021b\u0103m zilnic contururile unui stil de via\u021b\u0103 \u00een care [\u2026]<\/p>","protected":false},"author":1,"featured_media":0,"parent":0,"menu_order":0,"comment_status":"closed","ping_status":"closed","template":"","meta":{"_acf_changed":false,"footnotes":""},"class_list":["post-39","page","type-page","status-publish","hentry"],"acf":[],"yoast_head":"<!-- This site is optimized with the Yoast SEO plugin v23.2 - https:\/\/yoast.com\/wordpress\/plugins\/seo\/ -->\n<title>\u00c0 Propos | Blog Mode &amp; Style Personnel<\/title>\n<meta name=\"description\" content=\"Plongez dans notre univers mode unique o\u00f9 se m\u00ealent chroniques cr\u00e9atives, d\u00e9couvertes de tendances et inspirations pour votre style personnel.\" \/>\n<meta name=\"robots\" content=\"index, follow, max-snippet:-1, max-image-preview:large, max-video-preview:-1\" \/>\n<link rel=\"canonical\" href=\"https:\/\/baltnavyleaguecarlmlevin.org\/ro\/a-propos-de-nous\/\" \/>\n<meta property=\"og:locale\" content=\"ro_RO\" \/>\n<meta property=\"og:type\" content=\"article\" \/>\n<meta property=\"og:title\" content=\"\u00c0 Propos | Blog Mode &amp; Style Personnel\" \/>\n<meta property=\"og:description\" content=\"Plongez dans notre univers mode unique o\u00f9 se m\u00ealent chroniques cr\u00e9atives, d\u00e9couvertes de tendances et inspirations pour votre style personnel.\" \/>\n<meta property=\"og:url\" content=\"https:\/\/baltnavyleaguecarlmlevin.org\/ro\/a-propos-de-nous\/\" \/>\n<meta property=\"og:site_name\" content=\"baltnavyleaguecarlmlevin.org\" \/>\n<meta property=\"article:modified_time\" content=\"2025-01-30T13:32:59+00:00\" \/>\n<meta property=\"og:image\" content=\"https:\/\/baltnavyleaguecarlmlevin.org\/wp-content\/uploads\/2025\/01\/photo-new.jpg\" \/>\n<meta name=\"twitter:card\" content=\"summary_large_image\" \/>\n<meta name=\"twitter:label1\" content=\"Timp estimat pentru citire\" \/>\n\t<meta name=\"twitter:data1\" content=\"2 minute\" \/>\n<script type=\"application\/ld+json\" class=\"yoast-schema-graph\">{\"@context\":\"https:\/\/schema.org\",\"@graph\":[{\"@type\":\"WebPage\",\"@id\":\"https:\/\/baltnavyleaguecarlmlevin.org\/a-propos-de-nous\/\",\"url\":\"https:\/\/baltnavyleaguecarlmlevin.org\/a-propos-de-nous\/\",\"name\":\"\u00c0 Propos | Blog Mode & Style Personnel\",\"isPartOf\":{\"@id\":\"https:\/\/baltnavyleaguecarlmlevin.org\/#website\"},\"primaryImageOfPage\":{\"@id\":\"https:\/\/baltnavyleaguecarlmlevin.org\/a-propos-de-nous\/#primaryimage\"},\"image\":{\"@id\":\"https:\/\/baltnavyleaguecarlmlevin.org\/a-propos-de-nous\/#primaryimage\"},\"thumbnailUrl\":\"https:\/\/baltnavyleaguecarlmlevin.org\/wp-content\/uploads\/2025\/01\/photo-new.jpg\",\"datePublished\":\"2025-01-30T09:24:22+00:00\",\"dateModified\":\"2025-01-30T13:32:59+00:00\",\"description\":\"Plongez dans notre univers mode unique o\u00f9 se m\u00ealent chroniques cr\u00e9atives, d\u00e9couvertes de tendances et inspirations pour votre style personnel.\",\"breadcrumb\":{\"@id\":\"https:\/\/baltnavyleaguecarlmlevin.org\/a-propos-de-nous\/#breadcrumb\"},\"inLanguage\":\"ro-RO\",\"potentialAction\":[{\"@type\":\"ReadAction\",\"target\":[\"https:\/\/baltnavyleaguecarlmlevin.org\/a-propos-de-nous\/\"]}]},{\"@type\":\"ImageObject\",\"inLanguage\":\"ro-RO\",\"@id\":\"https:\/\/baltnavyleaguecarlmlevin.org\/a-propos-de-nous\/#primaryimage\",\"url\":\"https:\/\/baltnavyleaguecarlmlevin.org\/wp-content\/uploads\/2025\/01\/photo-new.jpg\",\"contentUrl\":\"https:\/\/baltnavyleaguecarlmlevin.org\/wp-content\/uploads\/2025\/01\/photo-new.jpg\"},{\"@type\":\"BreadcrumbList\",\"@id\":\"https:\/\/baltnavyleaguecarlmlevin.org\/a-propos-de-nous\/#breadcrumb\",\"itemListElement\":[{\"@type\":\"ListItem\",\"position\":1,\"name\":\"Home\",\"item\":\"https:\/\/baltnavyleaguecarlmlevin.org\/\"},{\"@type\":\"ListItem\",\"position\":2,\"name\":\"\u00c0 propos de nous\"}]},{\"@type\":\"WebSite\",\"@id\":\"https:\/\/baltnavyleaguecarlmlevin.org\/#website\",\"url\":\"https:\/\/baltnavyleaguecarlmlevin.org\/\",\"name\":\"baltnavyleaguecarlmlevin.org\",\"description\":\"\u00c9l\u00e9gance et Mode: D\u00e9couvrez des looks modernes et conseils pour s\u2019habiller avec style\",\"potentialAction\":[{\"@type\":\"SearchAction\",\"target\":{\"@type\":\"EntryPoint\",\"urlTemplate\":\"https:\/\/baltnavyleaguecarlmlevin.org\/?s={search_term_string}\"},\"query-input\":\"required name=search_term_string\"}],\"inLanguage\":\"ro-RO\"}]}<\/script>\n<!-- \/ Yoast SEO plugin. -->","yoast_head_json":{"title":"\u00c0 Propos | Blog Mode & Style Personnel","description":"Plongez dans notre univers mode unique o\u00f9 se m\u00ealent chroniques cr\u00e9atives, d\u00e9couvertes de tendances et inspirations pour votre style personnel.","robots":{"index":"index","follow":"follow","max-snippet":"max-snippet:-1","max-image-preview":"max-image-preview:large","max-video-preview":"max-video-preview:-1"},"canonical":"https:\/\/baltnavyleaguecarlmlevin.org\/ro\/a-propos-de-nous\/","og_locale":"ro_RO","og_type":"article","og_title":"\u00c0 Propos | Blog Mode & Style Personnel","og_description":"Plongez dans notre univers mode unique o\u00f9 se m\u00ealent chroniques cr\u00e9atives, d\u00e9couvertes de tendances et inspirations pour votre style personnel.","og_url":"https:\/\/baltnavyleaguecarlmlevin.org\/ro\/a-propos-de-nous\/","og_site_name":"baltnavyleaguecarlmlevin.org","article_modified_time":"2025-01-30T13:32:59+00:00","og_image":[{"url":"https:\/\/baltnavyleaguecarlmlevin.org\/wp-content\/uploads\/2025\/01\/photo-new.jpg"}],"twitter_card":"summary_large_image","twitter_misc":{"Timp estimat pentru citire":"2 minute"},"schema":{"@context":"https:\/\/schema.org","@graph":[{"@type":"WebPage","@id":"https:\/\/baltnavyleaguecarlmlevin.org\/a-propos-de-nous\/","url":"https:\/\/baltnavyleaguecarlmlevin.org\/a-propos-de-nous\/","name":"\u00c0 Propos | Blog Mode & Style Personnel","isPartOf":{"@id":"https:\/\/baltnavyleaguecarlmlevin.org\/#website"},"primaryImageOfPage":{"@id":"https:\/\/baltnavyleaguecarlmlevin.org\/a-propos-de-nous\/#primaryimage"},"image":{"@id":"https:\/\/baltnavyleaguecarlmlevin.org\/a-propos-de-nous\/#primaryimage"},"thumbnailUrl":"https:\/\/baltnavyleaguecarlmlevin.org\/wp-content\/uploads\/2025\/01\/photo-new.jpg","datePublished":"2025-01-30T09:24:22+00:00","dateModified":"2025-01-30T13:32:59+00:00","description":"Plongez dans notre univers mode unique o\u00f9 se m\u00ealent chroniques cr\u00e9atives, d\u00e9couvertes de tendances et inspirations pour votre style personnel.","breadcrumb":{"@id":"https:\/\/baltnavyleaguecarlmlevin.org\/a-propos-de-nous\/#breadcrumb"},"inLanguage":"ro-RO","potentialAction":[{"@type":"ReadAction","target":["https:\/\/baltnavyleaguecarlmlevin.org\/a-propos-de-nous\/"]}]},{"@type":"ImageObject","inLanguage":"ro-RO","@id":"https:\/\/baltnavyleaguecarlmlevin.org\/a-propos-de-nous\/#primaryimage","url":"https:\/\/baltnavyleaguecarlmlevin.org\/wp-content\/uploads\/2025\/01\/photo-new.jpg","contentUrl":"https:\/\/baltnavyleaguecarlmlevin.org\/wp-content\/uploads\/2025\/01\/photo-new.jpg"},{"@type":"BreadcrumbList","@id":"https:\/\/baltnavyleaguecarlmlevin.org\/a-propos-de-nous\/#breadcrumb","itemListElement":[{"@type":"ListItem","position":1,"name":"Home","item":"https:\/\/baltnavyleaguecarlmlevin.org\/"},{"@type":"ListItem","position":2,"name":"\u00c0 propos de nous"}]},{"@type":"WebSite","@id":"https:\/\/baltnavyleaguecarlmlevin.org\/#website","url":"https:\/\/baltnavyleaguecarlmlevin.org\/","name":"baltnavyleaguecarlmlevin.org","description":"\u00c9l\u00e9gance et Mode: D\u00e9couvrez des looks modernes et conseils pour s\u2019habiller avec style","potentialAction":[{"@type":"SearchAction","target":{"@type":"EntryPoint","urlTemplate":"https:\/\/baltnavyleaguecarlmlevin.org\/?s={search_term_string}"},"query-input":"required name=search_term_string"}],"inLanguage":"ro-RO"}]}},"yoast_meta":{"yoast_wpseo_title":"","yoast_wpseo_metadesc":"","yoast_wpseo_canonical":"https:\/\/baltnavyleaguecarlmlevin.org\/ro\/wp-json\/wp\/v2\/pages\/39"},"_links":{"self":[{"href":"https:\/\/baltnavyleaguecarlmlevin.org\/ro\/wp-json\/wp\/v2\/pages\/39","targetHints":{"allow":["GET"]}}],"collection":[{"href":"https:\/\/baltnavyleaguecarlmlevin.org\/ro\/wp-json\/wp\/v2\/pages"}],"about":[{"href":"https:\/\/baltnavyleaguecarlmlevin.org\/ro\/wp-json\/wp\/v2\/types\/page"}],"author":[{"embeddable":true,"href":"https:\/\/baltnavyleaguecarlmlevin.org\/ro\/wp-json\/wp\/v2\/users\/1"}],"replies":[{"embeddable":true,"href":"https:\/\/baltnavyleaguecarlmlevin.org\/ro\/wp-json\/wp\/v2\/comments?post=39"}],"version-history":[{"count":1,"href":"https:\/\/baltnavyleaguecarlmlevin.org\/ro\/wp-json\/wp\/v2\/pages\/39\/revisions"}],"predecessor-version":[{"id":42,"href":"https:\/\/baltnavyleaguecarlmlevin.org\/ro\/wp-json\/wp\/v2\/pages\/39\/revisions\/42"}],"wp:attachment":[{"href":"https:\/\/baltnavyleaguecarlmlevin.org\/ro\/wp-json\/wp\/v2\/media?parent=39"}],"curies":[{"name":"wp","href":"https:\/\/api.w.org\/{rel}","templated":true}]}}