{"id":3,"date":"2021-12-21T10:05:49","date_gmt":"2021-12-21T10:05:49","guid":{"rendered":"https:\/\/baltnavyleaguecarlmlevin.org\/\/?page_id=3"},"modified":"2025-01-30T13:33:56","modified_gmt":"2025-01-30T13:33:56","slug":"privacy-policy","status":"publish","type":"page","link":"https:\/\/baltnavyleaguecarlmlevin.org\/ro\/privacy-policy\/","title":{"rendered":"Confiden\u021bialitate"},"content":{"rendered":"<h2>1. Introducere<\/h2>\n<p>Bine a\u021bi venit la <strong>baltnavyleaguecarlmlevin.org<\/strong> (\u201eSite-ul\u201d). Aceast\u0103 Politic\u0103 de confiden\u021bialitate explic\u0103 modul \u00een care colect\u0103m, utiliz\u0103m \u0219i protej\u0103m informa\u021biile dumneavoastr\u0103 personale atunci c\u00e2nd utiliza\u021bi Site-ul nostru.<\/p>\n<p>Prin accesarea Site-ului nostru, accepta\u021bi practicile descrise \u00een aceast\u0103 politic\u0103. Colect\u0103m informa\u021bii personale, tehnice \u0219i de utilizare pentru a ne \u00eembun\u0103t\u0103\u021bi serviciile \u0219i a v\u0103 oferi o experien\u021b\u0103 optim\u0103.<\/p>\n<h2>2. Colectarea informa\u021biilor<\/h2>\n<p>Este posibil s\u0103 colect\u0103m mai multe tipuri de informa\u021bii:<\/p>\n<ul>\n<li><strong>Date personale:<\/strong> Nume, adres\u0103 de e-mail, num\u0103r de telefon, orice informa\u021bii furnizate prin intermediul formularelor de contact.<\/li>\n<li><strong>Date tehnice:<\/strong> Adresa IP, tipul de browser, sistemul de operare \u0219i dispozitivul utilizat.<\/li>\n<li><strong>Date de utilizare:<\/strong> Pagini vizitate, timp petrecut pe Site, interac\u021biuni cu con\u021binutul.<\/li>\n<\/ul>\n<h2>3. Utilizarea datelor<\/h2>\n<p>Datele colectate sunt utilizate pentru:<\/p>\n<ul>\n<li>Pentru a oferi \u0219i \u00eembun\u0103t\u0103\u021bi serviciile noastre.<\/li>\n<li>Analizeaz\u0103 publicul \u0219i \u00eembun\u0103t\u0103\u021be\u0219te experien\u021ba utilizatorului.<\/li>\n<li>Personaliza\u021bi con\u021binutul afi\u0219at pe Site.<\/li>\n<li>R\u0103spunde\u021bi la solicit\u0103rile utilizatorilor.<\/li>\n<li>Respecta\u021bi obliga\u021biile legale \u0219i de reglementare.<\/li>\n<\/ul>\n<h2>4. Utilizarea cookie-urilor<\/h2>\n<p>Site-ul nostru web folose\u0219te cookie-uri pentru a v\u0103 optimiza experien\u021ba. Aceste cookie-uri ne permit s\u0103:<\/p>\n<ul>\n<li>Analiza\u021bi traficul \u0219i utilizarea Site-ului.<\/li>\n<li>Personaliza\u021bi afi\u0219area con\u021binutului.<\/li>\n<li>Face\u021bi navigarea mai u\u0219oar\u0103.<\/li>\n<\/ul>\n<p>Pute\u021bi gestiona preferin\u021bele privind cookie-urile \u00een set\u0103rile browserului dvs. Dezactivarea cookie-urilor poate afecta anumite func\u021bii ale Site-ului.<\/p>\n<h2>5. Partajarea informa\u021biilor cu ter\u021be p\u0103r\u021bi<\/h2>\n<p>Nu vindem \u0219i nu \u00eenchiriem datele dumneavoastr\u0103 cu caracter personal. Cu toate acestea, este posibil s\u0103 le partaj\u0103m cu:<\/p>\n<ul>\n<li>Furnizori de servicii tehnice care ne ajut\u0103 s\u0103 oper\u0103m Site-ul nostru.<\/li>\n<li>Autorit\u0103\u021bile legale \u00een cazul unei obliga\u021bii legale.<\/li>\n<\/ul>\n<h2>6. Protec\u021bia datelor<\/h2>\n<p>Implement\u0103m m\u0103suri de securitate pentru a v\u0103 proteja datele de accesul neautorizat. Cu toate acestea, nicio transmisie de date prin internet nu este complet sigur\u0103.<\/p>\n<h2>7. Drepturile utilizatorilor<\/h2>\n<p>\u00cen conformitate cu GDPR, ave\u021bi urm\u0103toarele drepturi:<\/p>\n<ul>\n<li><strong>Dreptul de acces:<\/strong> Ob\u021bine\u021bi o copie a datelor dumneavoastr\u0103 personale.<\/li>\n<li><strong>Dreptul de rectificare:<\/strong> Corecta\u021bi informa\u021biile inexacte.<\/li>\n<li><strong>Dreptul la \u0219tergere:<\/strong> Solicita\u021bi \u0219tergerea datelor dumneavoastr\u0103.<\/li>\n<li><strong>Dreptul de a obiecta:<\/strong> Refuza\u021bi utilizarea datelor dumneavoastr\u0103.<\/li>\n<\/ul>\n<p>Pentru a exercita aceste drepturi, contacta\u021bi-ne folosind informa\u021biile de mai jos.<\/p>\n<h2>8. Modific\u0103ri ale Politicii<\/h2>\n<p>Ne rezerv\u0103m dreptul de a modifica aceast\u0103 politic\u0103 de confiden\u021bialitate. Orice modificare va fi publicat\u0103 pe aceast\u0103 pagin\u0103.<\/p>\n<h2>9. Contact<\/h2>\n<p>Pentru orice \u00eentreb\u0103ri legate de aceast\u0103 politic\u0103, v\u0103 rug\u0103m s\u0103 ne contacta\u021bi:<\/p>\n<p><strong>E-mail:<\/strong> <a href=\"mailto:contact@baltnavyleaguecarlmlevin.org\">contact@baltnavyleaguecarlmlevin.org<\/a><\/p>","protected":false},"excerpt":{"rendered":"<p>1. Introduction Bienvenue sur baltnavyleaguecarlmlevin.org (le \u00ab\u00a0Site\u00a0\u00bb). Cette politique de confidentialit\u00e9 explique comment nous collectons, utilisons et prot\u00e9geons vos informations personnelles lorsque vous utilisez notre Site. En acc\u00e9dant \u00e0 notre Site, vous acceptez les pratiques d\u00e9crites dans cette politique. Nous collectons des informations personnelles, techniques et d\u2019utilisation afin d&rsquo;am\u00e9liorer nos services et de vous fournir [&hellip;]<\/p>","protected":false},"author":1,"featured_media":0,"parent":0,"menu_order":0,"comment_status":"closed","ping_status":"open","template":"","meta":{"_acf_changed":false,"footnotes":""},"class_list":["post-3","page","type-page","status-publish","hentry"],"acf":[],"yoast_head":"<!-- This site is optimized with the Yoast SEO plugin v23.2 - https:\/\/yoast.com\/wordpress\/plugins\/seo\/ -->\n<title>Confidentialit\u00e9 - baltnavyleaguecarlmlevin.org<\/title>\n<meta name=\"robots\" content=\"index, follow, max-snippet:-1, max-image-preview:large, max-video-preview:-1\" \/>\n<link rel=\"canonical\" href=\"https:\/\/baltnavyleaguecarlmlevin.org\/ro\/privacy-policy\/\" \/>\n<meta property=\"og:locale\" content=\"ro_RO\" \/>\n<meta property=\"og:type\" content=\"article\" \/>\n<meta property=\"og:title\" content=\"Confidentialit\u00e9 - baltnavyleaguecarlmlevin.org\" \/>\n<meta property=\"og:description\" content=\"1. Introduction Bienvenue sur baltnavyleaguecarlmlevin.org (le \u00ab\u00a0Site\u00a0\u00bb). Cette politique de confidentialit\u00e9 explique comment nous collectons, utilisons et prot\u00e9geons vos informations personnelles lorsque vous utilisez notre Site. En acc\u00e9dant \u00e0 notre Site, vous acceptez les pratiques d\u00e9crites dans cette politique. Nous collectons des informations personnelles, techniques et d\u2019utilisation afin d&rsquo;am\u00e9liorer nos services et de vous fournir [&hellip;]\" \/>\n<meta property=\"og:url\" content=\"https:\/\/baltnavyleaguecarlmlevin.org\/ro\/privacy-policy\/\" \/>\n<meta property=\"og:site_name\" content=\"baltnavyleaguecarlmlevin.org\" \/>\n<meta property=\"article:modified_time\" content=\"2025-01-30T13:33:56+00:00\" \/>\n<meta name=\"twitter:card\" content=\"summary_large_image\" \/>\n<meta name=\"twitter:label1\" content=\"Timp estimat pentru citire\" \/>\n\t<meta name=\"twitter:data1\" content=\"2 minute\" \/>\n<script type=\"application\/ld+json\" class=\"yoast-schema-graph\">{\"@context\":\"https:\/\/schema.org\",\"@graph\":[{\"@type\":\"WebPage\",\"@id\":\"https:\/\/baltnavyleaguecarlmlevin.org\/privacy-policy\/\",\"url\":\"https:\/\/baltnavyleaguecarlmlevin.org\/privacy-policy\/\",\"name\":\"Confidentialit\u00e9 - baltnavyleaguecarlmlevin.org\",\"isPartOf\":{\"@id\":\"https:\/\/baltnavyleaguecarlmlevin.org\/#website\"},\"datePublished\":\"2021-12-21T10:05:49+00:00\",\"dateModified\":\"2025-01-30T13:33:56+00:00\",\"breadcrumb\":{\"@id\":\"https:\/\/baltnavyleaguecarlmlevin.org\/privacy-policy\/#breadcrumb\"},\"inLanguage\":\"ro-RO\",\"potentialAction\":[{\"@type\":\"ReadAction\",\"target\":[\"https:\/\/baltnavyleaguecarlmlevin.org\/privacy-policy\/\"]}]},{\"@type\":\"BreadcrumbList\",\"@id\":\"https:\/\/baltnavyleaguecarlmlevin.org\/privacy-policy\/#breadcrumb\",\"itemListElement\":[{\"@type\":\"ListItem\",\"position\":1,\"name\":\"Home\",\"item\":\"https:\/\/baltnavyleaguecarlmlevin.org\/\"},{\"@type\":\"ListItem\",\"position\":2,\"name\":\"Confidentialit\u00e9\"}]},{\"@type\":\"WebSite\",\"@id\":\"https:\/\/baltnavyleaguecarlmlevin.org\/#website\",\"url\":\"https:\/\/baltnavyleaguecarlmlevin.org\/\",\"name\":\"baltnavyleaguecarlmlevin.org\",\"description\":\"\u00c9l\u00e9gance et Mode: D\u00e9couvrez des looks modernes et conseils pour s\u2019habiller avec style\",\"potentialAction\":[{\"@type\":\"SearchAction\",\"target\":{\"@type\":\"EntryPoint\",\"urlTemplate\":\"https:\/\/baltnavyleaguecarlmlevin.org\/?s={search_term_string}\"},\"query-input\":\"required name=search_term_string\"}],\"inLanguage\":\"ro-RO\"}]}<\/script>\n<!-- \/ Yoast SEO plugin. -->","yoast_head_json":{"title":"Confidentialit\u00e9 - baltnavyleaguecarlmlevin.org","robots":{"index":"index","follow":"follow","max-snippet":"max-snippet:-1","max-image-preview":"max-image-preview:large","max-video-preview":"max-video-preview:-1"},"canonical":"https:\/\/baltnavyleaguecarlmlevin.org\/ro\/privacy-policy\/","og_locale":"ro_RO","og_type":"article","og_title":"Confidentialit\u00e9 - baltnavyleaguecarlmlevin.org","og_description":"1. Introduction Bienvenue sur baltnavyleaguecarlmlevin.org (le \u00ab\u00a0Site\u00a0\u00bb). Cette politique de confidentialit\u00e9 explique comment nous collectons, utilisons et prot\u00e9geons vos informations personnelles lorsque vous utilisez notre Site. En acc\u00e9dant \u00e0 notre Site, vous acceptez les pratiques d\u00e9crites dans cette politique. Nous collectons des informations personnelles, techniques et d\u2019utilisation afin d&rsquo;am\u00e9liorer nos services et de vous fournir [&hellip;]","og_url":"https:\/\/baltnavyleaguecarlmlevin.org\/ro\/privacy-policy\/","og_site_name":"baltnavyleaguecarlmlevin.org","article_modified_time":"2025-01-30T13:33:56+00:00","twitter_card":"summary_large_image","twitter_misc":{"Timp estimat pentru citire":"2 minute"},"schema":{"@context":"https:\/\/schema.org","@graph":[{"@type":"WebPage","@id":"https:\/\/baltnavyleaguecarlmlevin.org\/privacy-policy\/","url":"https:\/\/baltnavyleaguecarlmlevin.org\/privacy-policy\/","name":"Confidentialit\u00e9 - baltnavyleaguecarlmlevin.org","isPartOf":{"@id":"https:\/\/baltnavyleaguecarlmlevin.org\/#website"},"datePublished":"2021-12-21T10:05:49+00:00","dateModified":"2025-01-30T13:33:56+00:00","breadcrumb":{"@id":"https:\/\/baltnavyleaguecarlmlevin.org\/privacy-policy\/#breadcrumb"},"inLanguage":"ro-RO","potentialAction":[{"@type":"ReadAction","target":["https:\/\/baltnavyleaguecarlmlevin.org\/privacy-policy\/"]}]},{"@type":"BreadcrumbList","@id":"https:\/\/baltnavyleaguecarlmlevin.org\/privacy-policy\/#breadcrumb","itemListElement":[{"@type":"ListItem","position":1,"name":"Home","item":"https:\/\/baltnavyleaguecarlmlevin.org\/"},{"@type":"ListItem","position":2,"name":"Confidentialit\u00e9"}]},{"@type":"WebSite","@id":"https:\/\/baltnavyleaguecarlmlevin.org\/#website","url":"https:\/\/baltnavyleaguecarlmlevin.org\/","name":"baltnavyleaguecarlmlevin.org","description":"\u00c9l\u00e9gance et Mode: D\u00e9couvrez des looks modernes et conseils pour s\u2019habiller avec style","potentialAction":[{"@type":"SearchAction","target":{"@type":"EntryPoint","urlTemplate":"https:\/\/baltnavyleaguecarlmlevin.org\/?s={search_term_string}"},"query-input":"required name=search_term_string"}],"inLanguage":"ro-RO"}]}},"yoast_meta":{"yoast_wpseo_title":"","yoast_wpseo_metadesc":"","yoast_wpseo_canonical":"https:\/\/baltnavyleaguecarlmlevin.org\/ro\/wp-json\/wp\/v2\/pages\/3"},"_links":{"self":[{"href":"https:\/\/baltnavyleaguecarlmlevin.org\/ro\/wp-json\/wp\/v2\/pages\/3","targetHints":{"allow":["GET"]}}],"collection":[{"href":"https:\/\/baltnavyleaguecarlmlevin.org\/ro\/wp-json\/wp\/v2\/pages"}],"about":[{"href":"https:\/\/baltnavyleaguecarlmlevin.org\/ro\/wp-json\/wp\/v2\/types\/page"}],"author":[{"embeddable":true,"href":"https:\/\/baltnavyleaguecarlmlevin.org\/ro\/wp-json\/wp\/v2\/users\/1"}],"replies":[{"embeddable":true,"href":"https:\/\/baltnavyleaguecarlmlevin.org\/ro\/wp-json\/wp\/v2\/comments?post=3"}],"version-history":[{"count":1,"href":"https:\/\/baltnavyleaguecarlmlevin.org\/ro\/wp-json\/wp\/v2\/pages\/3\/revisions"}],"predecessor-version":[{"id":43,"href":"https:\/\/baltnavyleaguecarlmlevin.org\/ro\/wp-json\/wp\/v2\/pages\/3\/revisions\/43"}],"wp:attachment":[{"href":"https:\/\/baltnavyleaguecarlmlevin.org\/ro\/wp-json\/wp\/v2\/media?parent=3"}],"curies":[{"name":"wp","href":"https:\/\/api.w.org\/{rel}","templated":true}]}}